{"id":1991,"date":"2022-01-13T11:46:31","date_gmt":"2022-01-13T10:46:31","guid":{"rendered":"https:\/\/www.dbrady.at\/raetiae\/?page_id=1991"},"modified":"2022-01-18T10:22:43","modified_gmt":"2022-01-18T09:22:43","slug":"workshops","status":"publish","type":"page","link":"http:\/\/www.simonmayer.at\/en\/workshops\/","title":{"rendered":"Workshops"},"content":{"rendered":"<div class=\"wp-block-uagb-post-grid uagb-post-grid  uagb-post__image-position-top uagb-post__image-enabled uagb-block-a4690933     uagb-post__items uagb-post__columns-4 is-grid uagb-post__columns-tablet-2 uagb-post__columns-mobile-1 uagb-post__equal-height\"\n\t\t\t\tdata-total=\"1\"\n\t\t\t\tstyle=\"\"\n\t\t\t>\n\n\t\t\t\t\t\t\t\t\t\t\t\t<article class=\"uagb-post__inner-wrap\">\t\t\t\t\t\t\t\t<div class='uagb-post__image'>\n\t\t\t\t\t\t\t\t\t<a href=\"http:\/\/www.simonmayer.at\/en\/workshop-tanzboden-die-kunst-des-feierns\/\" target=\"_self\" rel=\"bookmark noopener noreferrer\"><img width=\"300\" height=\"300\" src=\"https:\/\/www.simonmayer.at\/wp-content\/uploads\/Foto-6.5-He-Shao-Hui-VF-300x300.jpg\" class=\"attachment-thumbnail size-thumbnail\" alt=\"\" decoding=\"async\" loading=\"lazy\" \/>\t\t\t\t\t<\/a>\n\t\t\t\t\t\t\t<\/div>\n\t\t\t\t\t\t<h4 class=\"uagb-post__title uagb-post__text\">\n\t\t\t\t<a href=\"http:\/\/www.simonmayer.at\/en\/workshop-tanzboden-die-kunst-des-feierns\/\" target=\"_self\" rel=\"bookmark noopener noreferrer\">Workshop: Tanzboden &#8211; Die Kunst des Feierns<\/a>\n\t\t\t<\/h4>\n\t\t\t\t\t\t<div class='uagb-post__text uagb-post-grid-byline'>\n\t\t\t\t\t\t\t<\/div>\n\t\t\t\t\t\t\t\t\t\t\t\t<\/article>\n\t\t\t\t\t\t\t\t\t\t\t\t\t\t\t\t<article class=\"uagb-post__inner-wrap\">\t\t\t\t\t\t\t\t<div class='uagb-post__image'>\n\t\t\t\t\t\t\t\t\t<a href=\"http:\/\/www.simonmayer.at\/en\/workshop-werkstatt-brueckentaenze-zuagroaste\/\" target=\"_self\" rel=\"bookmark noopener noreferrer\"><img width=\"300\" height=\"300\" src=\"https:\/\/www.simonmayer.at\/wp-content\/uploads\/VolxfestGoessl_creditJohannesStarmuehler_067-300x300.jpg\" class=\"attachment-thumbnail size-thumbnail\" alt=\"\" decoding=\"async\" loading=\"lazy\" \/>\t\t\t\t\t<\/a>\n\t\t\t\t\t\t\t<\/div>\n\t\t\t\t\t\t<h4 class=\"uagb-post__title uagb-post__text\">\n\t\t\t\t<a href=\"http:\/\/www.simonmayer.at\/en\/workshop-werkstatt-brueckentaenze-zuagroaste\/\" target=\"_self\" rel=\"bookmark noopener noreferrer\">Workshop: Werkstatt Br\u00fcckent\u00e4nze \/ &#8222;Zuagroaste&#8220;<\/a>\n\t\t\t<\/h4>\n\t\t\t\t\t\t<div class='uagb-post__text uagb-post-grid-byline'>\n\t\t\t\t\t\t\t<\/div>\n\t\t\t\t\t\t\t\t\t\t\t\t<\/article>\n\t\t\t\t\t\t\t\t\t\t\t\t\t\t\t\t<article class=\"uagb-post__inner-wrap\">\t\t\t\t\t\t\t\t<div class='uagb-post__image'>\n\t\t\t\t\t\t\t\t\t<a href=\"http:\/\/www.simonmayer.at\/en\/workshop-folkdanceparty\/\" target=\"_self\" rel=\"bookmark noopener noreferrer\"><img width=\"300\" height=\"300\" src=\"https:\/\/www.simonmayer.at\/wp-content\/uploads\/MayerBuehlerVorabcStefanHauer-23-kleiner-300x300.jpg\" class=\"attachment-thumbnail size-thumbnail\" alt=\"\" decoding=\"async\" loading=\"lazy\" \/>\t\t\t\t\t<\/a>\n\t\t\t\t\t\t\t<\/div>\n\t\t\t\t\t\t<h4 class=\"uagb-post__title uagb-post__text\">\n\t\t\t\t<a href=\"http:\/\/www.simonmayer.at\/en\/workshop-folkdanceparty\/\" target=\"_self\" rel=\"bookmark noopener noreferrer\">Workshop: FolkDanceParty<\/a>\n\t\t\t<\/h4>\n\t\t\t\t\t\t<div class='uagb-post__text uagb-post-grid-byline'>\n\t\t\t\t\t\t\t<\/div>\n\t\t\t\t\t\t\t\t\t\t\t\t<\/article>\n\t\t\t\t\t\t\t\t\t\t\t\t\t\t\t\t<article class=\"uagb-post__inner-wrap\">\t\t\t\t\t\t\t\t<div class='uagb-post__image'>\n\t\t\t\t\t\t\t\t\t<a href=\"http:\/\/www.simonmayer.at\/en\/salzkammergut-workshopreihe\/\" target=\"_self\" rel=\"bookmark noopener noreferrer\"><img width=\"300\" height=\"300\" src=\"https:\/\/www.simonmayer.at\/wp-content\/uploads\/Header-Websiteekl-300x300.jpg\" class=\"attachment-thumbnail size-thumbnail\" alt=\"\" decoding=\"async\" loading=\"lazy\" \/>\t\t\t\t\t<\/a>\n\t\t\t\t\t\t\t<\/div>\n\t\t\t\t\t\t<h4 class=\"uagb-post__title uagb-post__text\">\n\t\t\t\t<a href=\"http:\/\/www.simonmayer.at\/en\/salzkammergut-workshopreihe\/\" target=\"_self\" rel=\"bookmark noopener noreferrer\">Workshop: Volxfest<\/a>\n\t\t\t<\/h4>\n\t\t\t\t\t\t<div class='uagb-post__text uagb-post-grid-byline'>\n\t\t\t\t\t\t\t<\/div>\n\t\t\t\t\t\t\t\t\t\t\t\t<\/article>\n\t\t\t\t\t\t\t\t\t\t\t\t\t\t\t\t<article class=\"uagb-post__inner-wrap\">\t\t\t\t\t\t\t\t<div class='uagb-post__image'>\n\t\t\t\t\t\t\t\t\t<a href=\"http:\/\/www.simonmayer.at\/en\/tanzworkshop-mit-simon-mayer\/\" target=\"_self\" rel=\"bookmark noopener noreferrer\"><img width=\"300\" height=\"300\" src=\"https:\/\/www.simonmayer.at\/wp-content\/uploads\/117098146_10159920098964186_7431084078150112492_n-300x300.jpg\" class=\"attachment-thumbnail size-thumbnail\" alt=\"\" decoding=\"async\" loading=\"lazy\" \/>\t\t\t\t\t<\/a>\n\t\t\t\t\t\t\t<\/div>\n\t\t\t\t\t\t<h4 class=\"uagb-post__title uagb-post__text\">\n\t\t\t\t<a href=\"http:\/\/www.simonmayer.at\/en\/tanzworkshop-mit-simon-mayer\/\" target=\"_self\" rel=\"bookmark noopener noreferrer\">Workshop: Andorf<\/a>\n\t\t\t<\/h4>\n\t\t\t\t\t\t<div class='uagb-post__text uagb-post-grid-byline'>\n\t\t\t\t\t\t\t<\/div>\n\t\t\t\t\t\t\t\t\t\t\t\t<\/article>\n\t\t\t\t\t\t\t\t\t\t\t\t\t\t\t\t<article class=\"uagb-post__inner-wrap\">\t\t\t\t\t\t\t\t<div class='uagb-post__image'>\n\t\t\t\t\t\t\t\t\t<a href=\"http:\/\/www.simonmayer.at\/en\/workshop-sons-of-sissy\/\" target=\"_self\" rel=\"bookmark noopener noreferrer\"><img width=\"300\" height=\"300\" src=\"https:\/\/www.simonmayer.at\/wp-content\/uploads\/15_Mayer_Haitzmann_TraditionRemixed_14cKarolinaMiernik-300x300.jpg\" class=\"attachment-thumbnail size-thumbnail\" alt=\"\" decoding=\"async\" loading=\"lazy\" \/>\t\t\t\t\t<\/a>\n\t\t\t\t\t\t\t<\/div>\n\t\t\t\t\t\t<h4 class=\"uagb-post__title uagb-post__text\">\n\t\t\t\t<a href=\"http:\/\/www.simonmayer.at\/en\/workshop-sons-of-sissy\/\" target=\"_self\" rel=\"bookmark noopener noreferrer\">Workshop: Sons of Sissy<\/a>\n\t\t\t<\/h4>\n\t\t\t\t\t\t<div class='uagb-post__text uagb-post-grid-byline'>\n\t\t\t\t\t\t\t<\/div>\n\t\t\t\t\t\t\t\t\t\t\t\t<\/article>\n\t\t\t\t\t\t\t\t\t\t\t\t\t\t\t\t<article class=\"uagb-post__inner-wrap\">\t\t\t\t\t\t\t\t<div class='uagb-post__image'>\n\t\t\t\t\t\t\t\t\t<a href=\"http:\/\/www.simonmayer.at\/en\/workshop-kindertanz\/\" target=\"_self\" rel=\"bookmark noopener noreferrer\"><img width=\"300\" height=\"300\" src=\"https:\/\/www.simonmayer.at\/wp-content\/uploads\/IMG_3941-300x300.jpg\" class=\"attachment-thumbnail size-thumbnail\" alt=\"\" decoding=\"async\" loading=\"lazy\" \/>\t\t\t\t\t<\/a>\n\t\t\t\t\t\t\t<\/div>\n\t\t\t\t\t\t<h4 class=\"uagb-post__title uagb-post__text\">\n\t\t\t\t<a href=\"http:\/\/www.simonmayer.at\/en\/workshop-kindertanz\/\" target=\"_self\" rel=\"bookmark noopener noreferrer\">Workshop: Kindertanz<\/a>\n\t\t\t<\/h4>\n\t\t\t\t\t\t<div class='uagb-post__text uagb-post-grid-byline'>\n\t\t\t\t\t\t\t<\/div>\n\t\t\t\t\t\t\t\t\t\t\t\t<\/article>\n\t\t\t\t\t\t\t\t\t\t\t\t\t\t\t\t<article class=\"uagb-post__inner-wrap\">\t\t\t\t\t\t\t\t<div class='uagb-post__image'>\n\t\t\t\t\t\t\t\t\t<a href=\"http:\/\/www.simonmayer.at\/en\/workshop-being-moved\/\" target=\"_self\" rel=\"bookmark noopener noreferrer\"><img width=\"300\" height=\"300\" src=\"https:\/\/www.simonmayer.at\/wp-content\/uploads\/Workshop-Being-Moved-300x300.jpg\" class=\"attachment-thumbnail size-thumbnail\" alt=\"\" decoding=\"async\" loading=\"lazy\" \/>\t\t\t\t\t<\/a>\n\t\t\t\t\t\t\t<\/div>\n\t\t\t\t\t\t<h4 class=\"uagb-post__title uagb-post__text\">\n\t\t\t\t<a href=\"http:\/\/www.simonmayer.at\/en\/workshop-being-moved\/\" target=\"_self\" rel=\"bookmark noopener noreferrer\">Workshop: Being Moved<\/a>\n\t\t\t<\/h4>\n\t\t\t\t\t\t<div class='uagb-post__text uagb-post-grid-byline'>\n\t\t\t\t\t\t\t<\/div>\n\t\t\t\t\t\t\t\t\t\t\t\t<\/article>\n\t\t\t\t\t\t\t\t\t\t\t\t\t\t\t\t<article class=\"uagb-post__inner-wrap\">\t\t\t\t\t\t\t\t<div class='uagb-post__image'>\n\t\t\t\t\t\t\t\t\t<a href=\"http:\/\/www.simonmayer.at\/en\/workshop-social-dis-dancing\/\" target=\"_self\" rel=\"bookmark noopener noreferrer\"><img width=\"300\" height=\"300\" src=\"https:\/\/www.simonmayer.at\/wp-content\/uploads\/Workshop-Social-Dis-Dancing-300x300.jpg\" class=\"attachment-thumbnail size-thumbnail\" alt=\"\" decoding=\"async\" loading=\"lazy\" \/>\t\t\t\t\t<\/a>\n\t\t\t\t\t\t\t<\/div>\n\t\t\t\t\t\t<h4 class=\"uagb-post__title uagb-post__text\">\n\t\t\t\t<a href=\"http:\/\/www.simonmayer.at\/en\/workshop-social-dis-dancing\/\" target=\"_self\" rel=\"bookmark noopener noreferrer\">Workshop: Social Dis-Dancing<\/a>\n\t\t\t<\/h4>\n\t\t\t\t\t\t<div class='uagb-post__text uagb-post-grid-byline'>\n\t\t\t\t\t\t\t<\/div>\n\t\t\t\t\t\t\t\t\t\t\t\t<\/article>\n\t\t\t\t\t\t\t\t\t\t\t\t\t\t\t\t<article class=\"uagb-post__inner-wrap\">\t\t\t\t\t\t\t\t<div class='uagb-post__image'>\n\t\t\t\t\t\t\t\t\t<a href=\"http:\/\/www.simonmayer.at\/en\/coupe-decale-be-kopf-hoch-simon-mayer-der-ekstatische-koerper\/\" target=\"_self\" rel=\"bookmark noopener noreferrer\"><img width=\"300\" height=\"300\" src=\"https:\/\/www.simonmayer.at\/wp-content\/uploads\/der_extatische_koerper-300x300.jpg\" class=\"attachment-thumbnail size-thumbnail\" alt=\"\" decoding=\"async\" loading=\"lazy\" \/>\t\t\t\t\t<\/a>\n\t\t\t\t\t\t\t<\/div>\n\t\t\t\t\t\t<h4 class=\"uagb-post__title uagb-post__text\">\n\t\t\t\t<a href=\"http:\/\/www.simonmayer.at\/en\/coupe-decale-be-kopf-hoch-simon-mayer-der-ekstatische-koerper\/\" target=\"_self\" rel=\"bookmark noopener noreferrer\">Coup\u00e9 D\u00e9cal\u00e9 (BE) &amp; Kopf Hoch \/ Simon Mayer: The Ecstatic Body<\/a>\n\t\t\t<\/h4>\n\t\t\t\t\t\t<div class='uagb-post__text uagb-post-grid-byline'>\n\t\t\t\t\t\t\t<\/div>\n\t\t\t\t\t\t\t\t\t\t\t\t<\/article>\n\t\t\t\t\t\t\t\t\t\t\t\t\t\t\t\t<article class=\"uagb-post__inner-wrap\">\t\t\t\t\t\t\t\t<div class='uagb-post__image'>\n\t\t\t\t\t\t\t\t\t<a href=\"http:\/\/www.simonmayer.at\/en\/workshop-traditionen-und-rituale\/\" target=\"_self\" rel=\"bookmark noopener noreferrer\"><img width=\"300\" height=\"300\" src=\"https:\/\/www.simonmayer.at\/wp-content\/uploads\/SunBengSitting_c_Anna-Hein-1-300x300.jpg\" class=\"attachment-thumbnail size-thumbnail\" alt=\"\u00a9 Anna Hein\" decoding=\"async\" loading=\"lazy\" \/>\t\t\t\t\t<\/a>\n\t\t\t\t\t\t\t<\/div>\n\t\t\t\t\t\t<h4 class=\"uagb-post__title uagb-post__text\">\n\t\t\t\t<a href=\"http:\/\/www.simonmayer.at\/en\/workshop-traditionen-und-rituale\/\" target=\"_self\" rel=\"bookmark noopener noreferrer\">Workshop: Traditionen und Rituale<\/a>\n\t\t\t<\/h4>\n\t\t\t\t\t\t<div class='uagb-post__text uagb-post-grid-byline'>\n\t\t\t\t\t\t\t<\/div>\n\t\t\t\t\t\t\t\t\t\t\t\t<\/article>\n\t\t\t\t\t\t\t\t\t\t\t<\/div>","protected":false},"excerpt":{"rendered":"","protected":false},"author":1,"featured_media":0,"parent":0,"menu_order":0,"comment_status":"closed","ping_status":"closed","template":"","meta":{"ub_ctt_via":""},"featured_image_src":null,"uagb_featured_image_src":{"full":false,"thumbnail":false,"medium":false,"medium_large":false,"large":false,"1536x1536":false,"2048x2048":false,"trp-custom-language-flag":false},"uagb_author_info":{"display_name":"Doris","author_link":"http:\/\/www.simonmayer.at\/en\/author\/doris\/"},"uagb_comment_info":0,"uagb_excerpt":null,"_links":{"self":[{"href":"http:\/\/www.simonmayer.at\/en\/wp-json\/wp\/v2\/pages\/1991"}],"collection":[{"href":"http:\/\/www.simonmayer.at\/en\/wp-json\/wp\/v2\/pages"}],"about":[{"href":"http:\/\/www.simonmayer.at\/en\/wp-json\/wp\/v2\/types\/page"}],"author":[{"embeddable":true,"href":"http:\/\/www.simonmayer.at\/en\/wp-json\/wp\/v2\/users\/1"}],"replies":[{"embeddable":true,"href":"http:\/\/www.simonmayer.at\/en\/wp-json\/wp\/v2\/comments?post=1991"}],"version-history":[{"count":6,"href":"http:\/\/www.simonmayer.at\/en\/wp-json\/wp\/v2\/pages\/1991\/revisions"}],"predecessor-version":[{"id":2611,"href":"http:\/\/www.simonmayer.at\/en\/wp-json\/wp\/v2\/pages\/1991\/revisions\/2611"}],"wp:attachment":[{"href":"http:\/\/www.simonmayer.at\/en\/wp-json\/wp\/v2\/media?parent=1991"}],"curies":[{"name":"wp","href":"https:\/\/api.w.org\/{rel}","templated":true}]}}