{"id":28,"date":"2019-11-11T11:13:46","date_gmt":"2019-11-11T10:13:46","guid":{"rendered":"https:\/\/www.dbrady.at\/raetiae\/?page_id=28"},"modified":"2022-01-18T12:56:01","modified_gmt":"2022-01-18T11:56:01","slug":"festival","status":"publish","type":"page","link":"http:\/\/www.simonmayer.at\/en\/festival\/","title":{"rendered":"Festivals"},"content":{"rendered":"<h2>Coup\u00e9 D\u00e9cal\u00e9 (BE) &amp; Kopf Hoch \/ Simon Mayer<br><em>Der ekstatische K\u00f6rper<\/em><\/h2>\n\n\n\n<div class=\"is-layout-flex wp-container-4 wp-block-columns\">\n<div class=\"is-layout-flow wp-block-column\">\n<figure class=\"wp-block-image size-large\"><img decoding=\"async\" loading=\"lazy\" width=\"1024\" height=\"576\" src=\"https:\/\/www.simonmayer.at\/wp-content\/uploads\/der_extatische_koerper-1024x576.jpg\" alt=\"\" class=\"wp-image-1817\" srcset=\"https:\/\/www.simonmayer.at\/wp-content\/uploads\/der_extatische_koerper-1024x576.jpg 1024w, https:\/\/www.simonmayer.at\/wp-content\/uploads\/der_extatische_koerper-500x281.jpg 500w, https:\/\/www.simonmayer.at\/wp-content\/uploads\/der_extatische_koerper-768x432.jpg 768w, https:\/\/www.simonmayer.at\/wp-content\/uploads\/der_extatische_koerper-1536x864.jpg 1536w, https:\/\/www.simonmayer.at\/wp-content\/uploads\/der_extatische_koerper-18x10.jpg 18w, https:\/\/www.simonmayer.at\/wp-content\/uploads\/der_extatische_koerper.jpg 2048w\" sizes=\"(max-width: 1024px) 100vw, 1024px\" \/><\/figure>\n<\/div>\n\n\n\n<div class=\"is-layout-flow wp-block-column\">\n<h3>Mo 08. \u2013 Sa 13. Oktober 2021<br>TQW Studios<\/h3>\n\n\n\n<div class=\"is-layout-flex wp-block-buttons\">\n<div class=\"wp-block-button\"><a class=\"wp-block-button__link\" href=\"https:\/\/tqw.at\/event\/der-ekstatische-koerper\/\" target=\"_blank\" rel=\"noreferrer noopener\">More infos at tqw.at<\/a><\/div>\n<\/div>\n\n\n\n<p>Eine experimentelle Woche voller Workshops und \u00dcbungen, gefolgt von einem diskursiven Samstag, an dem auch das Feiern nicht zu kurz kommt.<br>Eine Einladung, das eigene ekstatische Potenzial zu entdecken und zu erforschen. Die starke Faszination, die durch Meditation, indigene schamanische Praktiken und Begegnungen mit dem sogenannten \u201eG\u00f6ttlichen\u201c erreichte alternative Bewusstseinszust\u00e4nde auf K\u00fcnstler_innen aus\u00fcben, und ein wachsendes Interesse daran, das Therapeutische mit dem K\u00fcnstlerischen zu verbinden, bilden die Motivation, sich eine Woche lang intensiv mit den Dynamiken interkultureller Praktiken und ihrer Wirkung auf den K\u00f6rper zu besch\u00e4ftigen.<br><\/p>\n<\/div>\n<\/div>\n\n\n\n<p>Each of the workshops led by Ziya Azazi &amp; Simon Mayer, Elke van Campenhout, Hiah Park &amp; Robert Steijn and Corine Sombrun will offer a different approach and will engage in diverse fields of knowledge and experiences (therapeutic, religious, scientific, artistic).<\/p>\n\n\n\n<p><\/p>\n\n\n\n<hr class=\"wp-block-separator\"\/>\n\n\n\n<h2>VOLXFEST<\/h2>\n\n\n\n<div class=\"is-layout-flex wp-container-11 wp-block-columns\">\n<div class=\"is-layout-flow wp-block-column\">\n<div class=\"is-layout-flex wp-container-7 wp-block-columns\">\n<div class=\"is-layout-flow wp-block-column\">\n<figure class=\"wp-block-image size-large\"><a href=\"https:\/\/www.simonmayer.at\/wp-content\/uploads\/VF_FLYER_A5_WEB_FRONT.jpg\" target=\"_blank\" rel=\"noopener\"><img decoding=\"async\" loading=\"lazy\" width=\"722\" height=\"1024\" src=\"https:\/\/www.simonmayer.at\/wp-content\/uploads\/VF_FLYER_A5_WEB_FRONT-722x1024.jpg\" alt=\"\" class=\"wp-image-1830\" srcset=\"https:\/\/www.simonmayer.at\/wp-content\/uploads\/VF_FLYER_A5_WEB_FRONT-722x1024.jpg 722w, https:\/\/www.simonmayer.at\/wp-content\/uploads\/VF_FLYER_A5_WEB_FRONT-352x500.jpg 352w, https:\/\/www.simonmayer.at\/wp-content\/uploads\/VF_FLYER_A5_WEB_FRONT-768x1090.jpg 768w, https:\/\/www.simonmayer.at\/wp-content\/uploads\/VF_FLYER_A5_WEB_FRONT-8x12.jpg 8w, https:\/\/www.simonmayer.at\/wp-content\/uploads\/VF_FLYER_A5_WEB_FRONT.jpg 874w\" sizes=\"(max-width: 722px) 100vw, 722px\" \/><\/a><\/figure>\n<\/div>\n\n\n\n<div class=\"is-layout-flow wp-block-column\">\n<figure class=\"wp-block-image size-large\"><a href=\"https:\/\/www.simonmayer.at\/wp-content\/uploads\/VF_FLYER_A5_WEB_BACK.jpg\" target=\"_blank\" rel=\"noopener\"><img decoding=\"async\" loading=\"lazy\" width=\"722\" height=\"1024\" src=\"https:\/\/www.simonmayer.at\/wp-content\/uploads\/VF_FLYER_A5_WEB_BACK-722x1024.jpg\" alt=\"\" class=\"wp-image-1831\" srcset=\"https:\/\/www.simonmayer.at\/wp-content\/uploads\/VF_FLYER_A5_WEB_BACK-722x1024.jpg 722w, https:\/\/www.simonmayer.at\/wp-content\/uploads\/VF_FLYER_A5_WEB_BACK-352x500.jpg 352w, https:\/\/www.simonmayer.at\/wp-content\/uploads\/VF_FLYER_A5_WEB_BACK-768x1090.jpg 768w, https:\/\/www.simonmayer.at\/wp-content\/uploads\/VF_FLYER_A5_WEB_BACK-8x12.jpg 8w, https:\/\/www.simonmayer.at\/wp-content\/uploads\/VF_FLYER_A5_WEB_BACK.jpg 874w\" sizes=\"(max-width: 722px) 100vw, 722px\" \/><\/a><\/figure>\n<\/div>\n<\/div>\n<\/div>\n\n\n\n<div class=\"is-layout-flow wp-block-column\">\n<h3>A costume and folk dance ball of a special kind.<\/h3>\n\n\n\n<p>Home-bound and cosmopolitan, tradition and update, down-to-earth and experimental - apparent contradictions are invited to dance at Volxfest.<\/p>\n\n\n\n<div class=\"is-layout-flex wp-block-buttons\">\n<div class=\"wp-block-button\"><a class=\"wp-block-button__link\" href=\"https:\/\/www.facebook.com\/spiel.festival?_fb_noscript=1\" target=\"_blank\" rel=\"noreferrer noopener\">Mehr Infos auf facebook.com<\/a><\/div>\n<\/div>\n<\/div>\n<\/div>\n\n\n\n<div class=\"is-layout-flex wp-container-14 wp-block-columns\">\n<div class=\"is-layout-flow wp-block-column\"><\/div>\n\n\n\n<div class=\"is-layout-flow wp-block-column\"><\/div>\n<\/div>","protected":false},"excerpt":{"rendered":"<p>Coup\u00e9 D\u00e9cal\u00e9 (BE) &amp; Kopf Hoch \/ Simon MayerDer ekstatische K\u00f6rper Mo 08. \u2013 Sa 13. Oktober 2021TQW Studios Eine &#8230; <\/p>\n<p class=\"read-more-container\"><a title=\"Festivals\" class=\"read-more button\" href=\"http:\/\/www.simonmayer.at\/en\/festival\/#more-28\" aria-label=\"More on Festivals\">Read more<\/a><\/p>","protected":false},"author":1,"featured_media":0,"parent":0,"menu_order":0,"comment_status":"closed","ping_status":"closed","template":"","meta":{"ub_ctt_via":""},"featured_image_src":null,"uagb_featured_image_src":{"full":false,"thumbnail":false,"medium":false,"medium_large":false,"large":false,"1536x1536":false,"2048x2048":false,"trp-custom-language-flag":false},"uagb_author_info":{"display_name":"Doris","author_link":"http:\/\/www.simonmayer.at\/en\/author\/doris\/"},"uagb_comment_info":0,"uagb_excerpt":"Coup\u00e9 D\u00e9cal\u00e9 (BE) &amp; Kopf Hoch \/ Simon MayerDer ekstatische K\u00f6rper Mo 08. \u2013 Sa 13. Oktober 2021TQW Studios Eine ... Read more","_links":{"self":[{"href":"http:\/\/www.simonmayer.at\/en\/wp-json\/wp\/v2\/pages\/28"}],"collection":[{"href":"http:\/\/www.simonmayer.at\/en\/wp-json\/wp\/v2\/pages"}],"about":[{"href":"http:\/\/www.simonmayer.at\/en\/wp-json\/wp\/v2\/types\/page"}],"author":[{"embeddable":true,"href":"http:\/\/www.simonmayer.at\/en\/wp-json\/wp\/v2\/users\/1"}],"replies":[{"embeddable":true,"href":"http:\/\/www.simonmayer.at\/en\/wp-json\/wp\/v2\/comments?post=28"}],"version-history":[{"count":75,"href":"http:\/\/www.simonmayer.at\/en\/wp-json\/wp\/v2\/pages\/28\/revisions"}],"predecessor-version":[{"id":1864,"href":"http:\/\/www.simonmayer.at\/en\/wp-json\/wp\/v2\/pages\/28\/revisions\/1864"}],"wp:attachment":[{"href":"http:\/\/www.simonmayer.at\/en\/wp-json\/wp\/v2\/media?parent=28"}],"curies":[{"name":"wp","href":"https:\/\/api.w.org\/{rel}","templated":true}]}}